{"id":144,"date":"2018-11-26T19:08:55","date_gmt":"2018-11-26T19:08:55","guid":{"rendered":"http:\/\/cannstatter-ski-club.de\/?page_id=144"},"modified":"2023-12-21T20:43:24","modified_gmt":"2023-12-21T20:43:24","slug":"vermietung","status":"publish","type":"page","link":"https:\/\/cannstatter-ski-club.de\/?page_id=144","title":{"rendered":"Vermietung"},"content":{"rendered":"<p style=\"text-align: center;\">Unser herrlich gelegenes Vereinshaus<br \/>auf dem weitl\u00e4ufigen Vereinsgel\u00e4nde<br \/>kann gerne nach Absprache f\u00fcr Feste und Veranstaltungen gemietet werden.<br \/>Geburtstage, Jubil\u00e4en, Partys&#8230;..private oder Firmenevents<br \/>f\u00fcr bis zu 70 Personen im Saal oder auf der Terrasse und Biergarten<\/p>\n<h4 style=\"text-align: center;\">Wir freuen uns \u00fcber Anfragen unter:<\/h4>\n<h6 style=\"text-align: center;\">wirtschaftsdienst@cannstatter-ski-club.de<\/h6>\n<p style=\"text-align: center;\">\u00a0<\/p>\n<div style=\"text-align: center;\">\u00a0<\/div>\n\n\n<p><\/p>\n","protected":false},"excerpt":{"rendered":"<p>Unser herrlich gelegenes Vereinshausauf dem weitl\u00e4ufigen Vereinsgel\u00e4ndekann gerne nach Absprache f\u00fcr Feste und Veranstaltungen gemietet werden.Geburtstage, Jubil\u00e4en, Partys&#8230;..private oder Firmeneventsf\u00fcr bis zu 70 Personen im Saal oder auf der Terrasse und Biergarten Wir freuen uns \u00fcber Anfragen unter: wirtschaftsdienst@cannstatter-ski-club.de \u00a0 \u00a0<\/p>\n","protected":false},"author":1,"featured_media":0,"parent":0,"menu_order":0,"comment_status":"closed","ping_status":"closed","template":"","meta":{"footnotes":""},"class_list":["post-144","page","type-page","status-publish","hentry"],"_links":{"self":[{"href":"https:\/\/cannstatter-ski-club.de\/index.php?rest_route=\/wp\/v2\/pages\/144","targetHints":{"allow":["GET"]}}],"collection":[{"href":"https:\/\/cannstatter-ski-club.de\/index.php?rest_route=\/wp\/v2\/pages"}],"about":[{"href":"https:\/\/cannstatter-ski-club.de\/index.php?rest_route=\/wp\/v2\/types\/page"}],"author":[{"embeddable":true,"href":"https:\/\/cannstatter-ski-club.de\/index.php?rest_route=\/wp\/v2\/users\/1"}],"replies":[{"embeddable":true,"href":"https:\/\/cannstatter-ski-club.de\/index.php?rest_route=%2Fwp%2Fv2%2Fcomments&post=144"}],"version-history":[{"count":11,"href":"https:\/\/cannstatter-ski-club.de\/index.php?rest_route=\/wp\/v2\/pages\/144\/revisions"}],"predecessor-version":[{"id":264,"href":"https:\/\/cannstatter-ski-club.de\/index.php?rest_route=\/wp\/v2\/pages\/144\/revisions\/264"}],"wp:attachment":[{"href":"https:\/\/cannstatter-ski-club.de\/index.php?rest_route=%2Fwp%2Fv2%2Fmedia&parent=144"}],"curies":[{"name":"wp","href":"https:\/\/api.w.org\/{rel}","templated":true}]}}